{"id":90947,"date":"2020-01-04T19:33:36","date_gmt":"2020-01-04T17:33:36","guid":{"rendered":"https:\/\/www.mh-lean-consulting.com\/?page_id=90947"},"modified":"2021-02-11T17:44:16","modified_gmt":"2021-02-11T15:44:16","slug":"terms","status":"publish","type":"page","link":"https:\/\/www.mh-lean-consulting.com\/en\/terms\/","title":{"rendered":"Terms of Service"},"content":{"rendered":"<p><strong>Allgemeine Gesch\u00e4ftsbedingungen<\/strong><\/p>\n<p>1. Geltungsbereich<br \/>\nF\u00fcr alle Leistungen gegen\u00fcber Unternehmen gelten die nachfolgenden AGB.<\/p>\n<p>Unternehmer ist eine nat\u00fcrliche oder juristische Person oder eine rechtsf\u00e4hige Personengesellschaft, die bei Abschluss eines Rechtsgesch\u00e4fts in Aus\u00fcbung ihrer gewerblichen oder selbst\u00e4ndigen beruflichen T\u00e4tigkeit handelt.<\/p>\n<p>Gegen\u00fcber Unternehmern gilt: Verwendet der Unternehmer entgegenstehende oder<br \/>\nerg\u00e4nzende Allgemeine Gesch\u00e4ftsbedingungen, wird deren Geltung hiermit<br \/>\nwidersprochen; sie werden nur dann Vertragsbestandteil, wenn wir dem<br \/>\nausdr\u00fccklich zugestimmt haben.<\/p>\n<p>2. Vertragspartner, Vertragsschluss<br \/>\nDer Vertrag kommt zustande mit MH Lean Consulting.<\/p>\n<p>3. Vertragssprache, Vertragstextspeicherung<br \/>\nDie f\u00fcr den Vertragsschluss zur Verf\u00fcgung stehenden Sprachen sind Deutsch und<br \/>\nEnglisch.<\/p>\n<p>Wir speichern den Vertragstext und senden Ihnen die Bestelldaten und unsere AGB<br \/>\nin Textform zu. Der Vertragstext ist aus Sicherheitsgr\u00fcnden nicht mehr \u00fcber das<br \/>\nInternet zug\u00e4nglich.<\/p>\n<p>\u00c4nderungen, Erg\u00e4nzungen und K\u00fcndigung des Vertrages bed\u00fcrfen der Schriftform, dies gilt auch f\u00fcr die Vereinbarung des Wegfalls des Schriftformerfordernisses.<\/p>\n<p>4. Bezahlung<br \/>\nSie zahlen den Rechnungsbetrag nach Leistungserbringung und Erhalt der Rechnung per<br \/>\n\u00dcberweisung auf unser Bankkonto.<\/p>\n<p>5. Haftung<br \/>\n(1) Wir \u00fcbernehmen keine Haftung f\u00fcr jegliche Sch\u00e4den, die durch h\u00f6here Gewalt (z.B. Stromausf\u00e4lle, Naturereignisse oder Verkehrsst\u00f6rungen), Netzwerk- und Serverfehler, Leitungs- und \u00dcbertragungsst\u00f6rungen, Viren oder St\u00f6rung des Postweges entstanden sind. F\u00fcr die endg\u00fcltige \u00dcberpr\u00fcfung s\u00e4mtlicher \u00fcbertragener bzw. versandter Daten ist der Kunde verantwortlich.<\/p>\n<p>(2) Wir \u00fcbernehmen auch keine Haftung f\u00fcr Sch\u00e4den an Hard- und Software des Kunden, die durch die unwissentliche \u00dcbersendung von Dokumenten per E-Mail verursacht werden, die von einem Virus infiziert worden sind.<\/p>\n<p>(3) Wir sind verpflichtet, die uns \u00fcbertragenen Arbeiten mit fachlicher und kaufm\u00e4nnischer Sorgfalt nach bestem Wissen durchzuf\u00fchren. Dennoch haften wir nicht f\u00fcr den Fall, dass der Erfolg einer von uns vorgeschlagenen Ma\u00dfnahme hinter den Erwartungen des Kunden zur\u00fcckbleibt.<\/p>\n<p>(4) Wir haften nicht f\u00fcr Sch\u00e4den und Folgesch\u00e4den, soweit der Auftraggeber selbst oder Dritte die uns \u00fcberlassenen Materialien, Dokumente oder Informationen ver\u00e4ndert oder verf\u00e4lscht haben.<\/p>\n<p>(5) Unsere Haftung beschr\u00e4nkt sich auf Vorsatz und grobe Fahrl\u00e4ssigkeit sowie auf die Verletzung von Kardinalpflichten.<\/p>\n<p>(6) Weitergehende Anspr\u00fcche des Kunden, insbesondere auf Schadensersatz statt der Leistung und auf Ersatz eines sonstigen unmittelbaren oder mittelbaren Schaden &#8211; einschlie\u00dflich Begleit- oder Folgeschadens &#8211; gleichg\u00fcltig aus welchem Rechtsgrund, insbesondere wegen Verletzung von Pflichten aus dem Vertragsverh\u00e4ltnis und aus unerlaubter Handlung, sind ausgeschlossen. Dies gilt nicht (ohne dass damit eine Beweislastumkehr verbunden ist), wenn wir einen Mangel arglistig verschwiegen oder eine Garantie \u00fcbernommen haben, oder der Schaden auf Vorsatz oder grober Fahrl\u00e4ssigkeit von uns, unseren gesetzlichen Vertretern oder Erf\u00fcllungsgehilfen oder auf einer fahrl\u00e4ssigen Verletzung wesentlicher Vertragspflichten durch diese Personen beruht, oder eine schuldhafte Pflichtverletzung durch unseren gesetzlichen Vertretern oder Erf\u00fcllungsgehilfen zu einer Verletzung des Lebens, einem K\u00f6rper- und Gesundheitsschaden gef\u00fchrt hat.<\/p>\n<p>Haften wir wegen leichter Fahrl\u00e4ssigkeit, ist unsere Ersatzpflicht &#8211; soweit gesetzlich m\u00f6glich &#8211; der H\u00f6he nach auf den vertragstypischen, f\u00fcr uns vorhersehbaren Schaden beschr\u00e4nkt. Die vorgenannten Bestimmungen gelten entsprechend in Bezug auf direkte Anspr\u00fcche des Kunden gegen unsere gesetzlichen Vertreter oder Erf\u00fcllungsgehilfen.<\/p>\n<p>6. Streitbeilegung<br \/>\nDie Europ\u00e4ische Kommission stellt eine Plattform zur Online-Streitbeilegung (OS)<br \/>\nbereit, die Sie hier [https:\/\/ec.europa.eu\/consumers\/odr\/] finden. Zur Teilnahme<br \/>\nan einem Streitbeilegungsverfahren vor einer Verbraucherschlichtungsstelle sind<br \/>\nwir nicht verpflichtet und nicht bereit.<\/p>\n<p>7. Schlussbestimmungen<br \/>\nSind Sie Unternehmer, gilt das Recht der Bundesrepublik Deutschland unter Ausschluss des<br \/>\nUN-Kaufrechts. Gerichtsstand ist Marburg a. d. Lahn.<\/p>\n<p>AGB [https:\/\/shop.trustedshops.com\/de\/rechtstexte\/] erstellt mit dem Trusted<br \/>\nShops [https:\/\/shop.trustedshops.com\/de\/] Rechtstexter in Kooperation mit<br \/>\nF\u00d6HLISCH Rechtsanw\u00e4lte [https:\/\/foehlisch.com].<\/p>\n","protected":false},"excerpt":{"rendered":"<p>Allgemeine Gesch\u00e4ftsbedingungen 1. Geltungsbereich F\u00fcr alle Leistungen gegen\u00fcber Unternehmen gelten die nachfolgenden AGB. Unternehmer ist eine nat\u00fcrliche oder juristische Person oder eine rechtsf\u00e4hige Personengesellschaft, die bei Abschluss eines Rechtsgesch\u00e4fts in\u2026 <a href=\"https:\/\/www.mh-lean-consulting.com\/en\/terms\/\" class=\"read-more-link\">read more &rarr;<\/a><\/p>\n","protected":false},"author":1,"featured_media":0,"parent":0,"menu_order":97,"comment_status":"closed","ping_status":"closed","template":"page-fullwidth.php","meta":[],"yoast_head":"<!-- This site is optimized with the Yoast SEO plugin v20.3 - https:\/\/yoast.com\/wordpress\/plugins\/seo\/ -->\n<title>Terms of Service - MH Lean Consulting<\/title>\n<meta name=\"robots\" content=\"index, follow, max-snippet:-1, max-image-preview:large, max-video-preview:-1\" \/>\n<link rel=\"canonical\" href=\"https:\/\/www.mh-lean-consulting.com\/en\/terms\/\" \/>\n<meta property=\"og:locale\" content=\"en_US\" \/>\n<meta property=\"og:type\" content=\"article\" \/>\n<meta property=\"og:title\" content=\"Terms of Service - MH Lean Consulting\" \/>\n<meta property=\"og:description\" content=\"Allgemeine Gesch\u00e4ftsbedingungen 1. Geltungsbereich F\u00fcr alle Leistungen gegen\u00fcber Unternehmen gelten die nachfolgenden AGB. Unternehmer ist eine nat\u00fcrliche oder juristische Person oder eine rechtsf\u00e4hige Personengesellschaft, die bei Abschluss eines Rechtsgesch\u00e4fts in\u2026 read more &rarr;\" \/>\n<meta property=\"og:url\" content=\"https:\/\/www.mh-lean-consulting.com\/en\/terms\/\" \/>\n<meta property=\"og:site_name\" content=\"MH Lean Consulting\" \/>\n<meta property=\"article:modified_time\" content=\"2021-02-11T15:44:16+00:00\" \/>\n<meta name=\"twitter:card\" content=\"summary_large_image\" \/>\n<meta name=\"twitter:label1\" content=\"Est. reading time\" \/>\n\t<meta name=\"twitter:data1\" content=\"3 minutes\" \/>\n<script type=\"application\/ld+json\" class=\"yoast-schema-graph\">{\"@context\":\"https:\/\/schema.org\",\"@graph\":[{\"@type\":\"WebPage\",\"@id\":\"https:\/\/www.mh-lean-consulting.com\/en\/terms\/\",\"url\":\"https:\/\/www.mh-lean-consulting.com\/en\/terms\/\",\"name\":\"Terms of Service - MH Lean Consulting\",\"isPartOf\":{\"@id\":\"https:\/\/www.mh-lean-consulting.com\/#website\"},\"datePublished\":\"2020-01-04T17:33:36+00:00\",\"dateModified\":\"2021-02-11T15:44:16+00:00\",\"breadcrumb\":{\"@id\":\"https:\/\/www.mh-lean-consulting.com\/en\/terms\/#breadcrumb\"},\"inLanguage\":\"en-US\",\"potentialAction\":[{\"@type\":\"ReadAction\",\"target\":[\"https:\/\/www.mh-lean-consulting.com\/en\/terms\/\"]}]},{\"@type\":\"BreadcrumbList\",\"@id\":\"https:\/\/www.mh-lean-consulting.com\/en\/terms\/#breadcrumb\",\"itemListElement\":[{\"@type\":\"ListItem\",\"position\":1,\"name\":\"Startseite\",\"item\":\"https:\/\/www.mh-lean-consulting.com\/en\/\"},{\"@type\":\"ListItem\",\"position\":2,\"name\":\"Terms of Service\"}]},{\"@type\":\"WebSite\",\"@id\":\"https:\/\/www.mh-lean-consulting.com\/#website\",\"url\":\"https:\/\/www.mh-lean-consulting.com\/\",\"name\":\"MH Lean Consulting\",\"description\":\"MH Lean Consulting\",\"publisher\":{\"@id\":\"https:\/\/www.mh-lean-consulting.com\/#organization\"},\"potentialAction\":[{\"@type\":\"SearchAction\",\"target\":{\"@type\":\"EntryPoint\",\"urlTemplate\":\"https:\/\/www.mh-lean-consulting.com\/?s={search_term_string}\"},\"query-input\":\"required name=search_term_string\"}],\"inLanguage\":\"en-US\"},{\"@type\":\"Organization\",\"@id\":\"https:\/\/www.mh-lean-consulting.com\/#organization\",\"name\":\"MH-Lean-Consulting\",\"url\":\"https:\/\/www.mh-lean-consulting.com\/\",\"logo\":{\"@type\":\"ImageObject\",\"inLanguage\":\"en-US\",\"@id\":\"https:\/\/www.mh-lean-consulting.com\/#\/schema\/logo\/image\/\",\"url\":\"https:\/\/www.mh-lean-consulting.com\/wp-content\/uploads\/2019\/09\/image3.png\",\"contentUrl\":\"https:\/\/www.mh-lean-consulting.com\/wp-content\/uploads\/2019\/09\/image3.png\",\"width\":1856,\"height\":651,\"caption\":\"MH-Lean-Consulting\"},\"image\":{\"@id\":\"https:\/\/www.mh-lean-consulting.com\/#\/schema\/logo\/image\/\"}}]}<\/script>\n<!-- \/ Yoast SEO plugin. -->","yoast_head_json":{"title":"Terms of Service - MH Lean Consulting","robots":{"index":"index","follow":"follow","max-snippet":"max-snippet:-1","max-image-preview":"max-image-preview:large","max-video-preview":"max-video-preview:-1"},"canonical":"https:\/\/www.mh-lean-consulting.com\/en\/terms\/","og_locale":"en_US","og_type":"article","og_title":"Terms of Service - MH Lean Consulting","og_description":"Allgemeine Gesch\u00e4ftsbedingungen 1. Geltungsbereich F\u00fcr alle Leistungen gegen\u00fcber Unternehmen gelten die nachfolgenden AGB. Unternehmer ist eine nat\u00fcrliche oder juristische Person oder eine rechtsf\u00e4hige Personengesellschaft, die bei Abschluss eines Rechtsgesch\u00e4fts in\u2026 read more &rarr;","og_url":"https:\/\/www.mh-lean-consulting.com\/en\/terms\/","og_site_name":"MH Lean Consulting","article_modified_time":"2021-02-11T15:44:16+00:00","twitter_card":"summary_large_image","twitter_misc":{"Est. reading time":"3 minutes"},"schema":{"@context":"https:\/\/schema.org","@graph":[{"@type":"WebPage","@id":"https:\/\/www.mh-lean-consulting.com\/en\/terms\/","url":"https:\/\/www.mh-lean-consulting.com\/en\/terms\/","name":"Terms of Service - MH Lean Consulting","isPartOf":{"@id":"https:\/\/www.mh-lean-consulting.com\/#website"},"datePublished":"2020-01-04T17:33:36+00:00","dateModified":"2021-02-11T15:44:16+00:00","breadcrumb":{"@id":"https:\/\/www.mh-lean-consulting.com\/en\/terms\/#breadcrumb"},"inLanguage":"en-US","potentialAction":[{"@type":"ReadAction","target":["https:\/\/www.mh-lean-consulting.com\/en\/terms\/"]}]},{"@type":"BreadcrumbList","@id":"https:\/\/www.mh-lean-consulting.com\/en\/terms\/#breadcrumb","itemListElement":[{"@type":"ListItem","position":1,"name":"Startseite","item":"https:\/\/www.mh-lean-consulting.com\/en\/"},{"@type":"ListItem","position":2,"name":"Terms of Service"}]},{"@type":"WebSite","@id":"https:\/\/www.mh-lean-consulting.com\/#website","url":"https:\/\/www.mh-lean-consulting.com\/","name":"MH Lean Consulting","description":"MH Lean Consulting","publisher":{"@id":"https:\/\/www.mh-lean-consulting.com\/#organization"},"potentialAction":[{"@type":"SearchAction","target":{"@type":"EntryPoint","urlTemplate":"https:\/\/www.mh-lean-consulting.com\/?s={search_term_string}"},"query-input":"required name=search_term_string"}],"inLanguage":"en-US"},{"@type":"Organization","@id":"https:\/\/www.mh-lean-consulting.com\/#organization","name":"MH-Lean-Consulting","url":"https:\/\/www.mh-lean-consulting.com\/","logo":{"@type":"ImageObject","inLanguage":"en-US","@id":"https:\/\/www.mh-lean-consulting.com\/#\/schema\/logo\/image\/","url":"https:\/\/www.mh-lean-consulting.com\/wp-content\/uploads\/2019\/09\/image3.png","contentUrl":"https:\/\/www.mh-lean-consulting.com\/wp-content\/uploads\/2019\/09\/image3.png","width":1856,"height":651,"caption":"MH-Lean-Consulting"},"image":{"@id":"https:\/\/www.mh-lean-consulting.com\/#\/schema\/logo\/image\/"}}]}},"_links":{"self":[{"href":"https:\/\/www.mh-lean-consulting.com\/en\/wp-json\/wp\/v2\/pages\/90947"}],"collection":[{"href":"https:\/\/www.mh-lean-consulting.com\/en\/wp-json\/wp\/v2\/pages"}],"about":[{"href":"https:\/\/www.mh-lean-consulting.com\/en\/wp-json\/wp\/v2\/types\/page"}],"author":[{"embeddable":true,"href":"https:\/\/www.mh-lean-consulting.com\/en\/wp-json\/wp\/v2\/users\/1"}],"replies":[{"embeddable":true,"href":"https:\/\/www.mh-lean-consulting.com\/en\/wp-json\/wp\/v2\/comments?post=90947"}],"version-history":[{"count":2,"href":"https:\/\/www.mh-lean-consulting.com\/en\/wp-json\/wp\/v2\/pages\/90947\/revisions"}],"predecessor-version":[{"id":91089,"href":"https:\/\/www.mh-lean-consulting.com\/en\/wp-json\/wp\/v2\/pages\/90947\/revisions\/91089"}],"wp:attachment":[{"href":"https:\/\/www.mh-lean-consulting.com\/en\/wp-json\/wp\/v2\/media?parent=90947"}],"curies":[{"name":"wp","href":"https:\/\/api.w.org\/{rel}","templated":true}]}}